{"id":7366,"date":"2025-03-24T11:53:24","date_gmt":"2025-03-24T10:53:24","guid":{"rendered":"https:\/\/www.substipharm.com\/politica-de-cookies\/"},"modified":"2025-03-24T11:53:28","modified_gmt":"2025-03-24T10:53:28","slug":"politica-de-cookies","status":"publish","type":"page","link":"https:\/\/www.substipharm.com\/es\/politica-de-cookies\/","title":{"rendered":"Pol\u00edtica de cookies"},"content":{"rendered":"\t\t<div data-elementor-type=\"wp-page\" data-elementor-id=\"7366\" class=\"elementor elementor-7366 elementor-2905\" data-elementor-post-type=\"page\">\n\t\t\t\t\t\t<section class=\"has_eae_slider elementor-section elementor-top-section elementor-element elementor-element-aff894f elementor-section-height-min-height elementor-section-items-stretch elementor-section-content-middle elementor-section-boxed elementor-section-height-default\" data-eae-slider=\"58320\" data-id=\"aff894f\" data-element_type=\"section\" data-e-type=\"section\" data-settings=\"{&quot;background_background&quot;:&quot;classic&quot;}\">\n\t\t\t\t\t\t\t<div class=\"elementor-background-overlay\"><\/div>\n\t\t\t\t\t\t\t<div class=\"elementor-container elementor-column-gap-no\">\n\t\t\t\t\t<div class=\"has_eae_slider elementor-column elementor-col-100 elementor-top-column elementor-element elementor-element-aeac9c7\" data-eae-slider=\"62320\" data-id=\"aeac9c7\" data-element_type=\"column\" data-e-type=\"column\">\n\t\t\t<div class=\"elementor-widget-wrap elementor-element-populated\">\n\t\t\t\t\t\t<div class=\"elementor-element elementor-element-f830fff elementor-widget elementor-widget-heading\" data-id=\"f830fff\" data-element_type=\"widget\" data-e-type=\"widget\" data-widget_type=\"heading.default\">\n\t\t\t\t<div class=\"elementor-widget-container\">\n\t\t\t\t\t<h2 class=\"elementor-heading-title elementor-size-default\">Pol\u00edtica de cookies<\/h2>\t\t\t\t<\/div>\n\t\t\t\t<\/div>\n\t\t\t\t\t<\/div>\n\t\t<\/div>\n\t\t\t\t\t<\/div>\n\t\t<\/section>\n\t\t\t\t<section class=\"has_eae_slider elementor-section elementor-top-section elementor-element elementor-element-473627e elementor-section-boxed elementor-section-height-default elementor-section-height-default\" data-eae-slider=\"36543\" data-id=\"473627e\" data-element_type=\"section\" data-e-type=\"section\" data-settings=\"{&quot;background_background&quot;:&quot;classic&quot;}\">\n\t\t\t\t\t\t<div class=\"elementor-container elementor-column-gap-default\">\n\t\t\t\t\t<div class=\"has_eae_slider elementor-column elementor-col-100 elementor-top-column elementor-element elementor-element-8137d12\" data-eae-slider=\"41370\" data-id=\"8137d12\" data-element_type=\"column\" data-e-type=\"column\">\n\t\t\t<div class=\"elementor-widget-wrap elementor-element-populated\">\n\t\t\t\t\t\t<section class=\"has_eae_slider elementor-section elementor-inner-section elementor-element elementor-element-92e454a elementor-section-boxed elementor-section-height-default elementor-section-height-default\" data-eae-slider=\"33334\" data-id=\"92e454a\" data-element_type=\"section\" data-e-type=\"section\">\n\t\t\t\t\t\t<div class=\"elementor-container elementor-column-gap-default\">\n\t\t\t\t\t<div class=\"has_eae_slider elementor-column elementor-col-100 elementor-inner-column elementor-element elementor-element-3892de5\" data-eae-slider=\"88663\" data-id=\"3892de5\" data-element_type=\"column\" data-e-type=\"column\" data-settings=\"{&quot;background_background&quot;:&quot;classic&quot;}\">\n\t\t\t<div class=\"elementor-widget-wrap elementor-element-populated\">\n\t\t\t\t\t\t<div class=\"elementor-element elementor-element-0b5db8e elementor-widget elementor-widget-text-editor\" data-id=\"0b5db8e\" data-element_type=\"widget\" data-e-type=\"widget\" data-widget_type=\"text-editor.default\">\n\t\t\t\t<div class=\"elementor-widget-container\">\n\t\t\t\t\t\t\t\t\t<div><div>Una \u00abcookie\u00bb es un peque\u00f1o archivo de informaci\u00f3n enviado al navegador del usuario (en adelante, \u00abUsuario\u00bb) y almacenado en el dispositivo del Usuario (por ejemplo, ordenador, smartphone), (en adelante, \u00abCookies\u00bb). Este archivo incluye informaci\u00f3n como el nombre de dominio del Usuario, el proveedor de servicios de Internet del Usuario, el sistema operativo del Usuario y la fecha y hora de acceso. Las cookies no pueden da\u00f1ar en modo alguno el dispositivo del Usuario.  <\/div><div> <\/div><div><a href=\"https:\/\/www.substipharm.com\/es\/\">https:\/\/www.substipharm.com\/<\/a> (en adelante, el \u00abSitio Web\u00bb) puede procesar informaci\u00f3n sobre la visita del Usuario al Sitio Web, como las p\u00e1ginas visitadas y las b\u00fasquedas realizadas. Esta informaci\u00f3n permite al Sitio Web <a href=\"https:\/\/www.substipharm.com\/es\/\">https:\/\/www.substipharm.com\/<\/a> mejorar el contenido del Sitio Web y la experiencia de navegaci\u00f3n del Usuario. <\/div><div> <\/div><div>Dado que las Cookies facilitan la navegaci\u00f3n y\/o la prestaci\u00f3n de los servicios ofrecidos por el Sitio Web, el Usuario puede configurar su navegador para que le permita decidir si acepta o no las Cookies. Si un Usuario decide aceptar las Cookies, \u00e9stas se almacenar\u00e1n en su dispositivo. Si el Usuario decide rechazar las Cookies, puede optar por rechazar todas las Cookies o s\u00f3lo algunas, permitiendo que determinados sitios web env\u00eden Cookies a su navegador. El Usuario tambi\u00e9n puede configurar su software de navegaci\u00f3n para que se le ofrezca la opci\u00f3n de aceptar o rechazar las Cookies a intervalos regulares, antes de que se almacene una Cookie en su dispositivo. El Sitio Web <a href=\"https:\/\/www.substipharm.com\/es\/\">https:\/\/www.substipharm.com\/<\/a> informa a los Usuarios de que, si hacen esto, es posible que no todas las funciones de su software de navegaci\u00f3n est\u00e9n disponibles.   <\/div><div> <\/div><div>Si el Usuario se niega a permitir que se almacenen Cookies en su dispositivo o navegador, o si el Usuario elimina las Cookies ya almacenadas all\u00ed, se informa al Usuario de que su navegaci\u00f3n y experiencia en el Sitio Web pueden verse limitadas. Este tambi\u00e9n puede ser el caso si el Sitio web <a href=\"https:\/\/www.substipharm.com\/es\/\">https:\/\/www.substipharm.com\/<\/a> o uno de sus proveedores de servicios no puede reconocer, por motivos de compatibilidad t\u00e9cnica, el tipo de navegador utilizado por el dispositivo, el idioma y la configuraci\u00f3n de pantalla o el pa\u00eds desde el que el dispositivo parece estar conectado a Internet. <\/div><div> <\/div><div>En su caso, el Sitio Web <a href=\"https:\/\/www.substipharm.com\/es\/\">https:\/\/www.substipharm.com\/<\/a> se exime de cualquier responsabilidad por las consecuencias derivadas del mal funcionamiento del Sitio Web y de cualquiera de los servicios ofrecidos por el Sitio Web <a href=\"https:\/\/www.substipharm.com\/es\/\">https:\/\/www.substipharm.com\/<\/a>, como consecuencia de (i) el rechazo de Cookies por parte del Usuario (ii) la imposibilidad del Sitio Web <a href=\"https:\/\/www.substipharm.com\/es\/\">https:\/\/www.substipharm.com\/<\/a> de almacenar o consultar las Cookies necesarias para su funcionamiento como consecuencia de la elecci\u00f3n del Usuario. Cada navegador tiene una configuraci\u00f3n diferente para gestionar las Cookies y las elecciones del Usuario. La configuraci\u00f3n se describe en el men\u00fa de ayuda del navegador, que muestra c\u00f3mo el Usuario puede cambiar sus preferencias de Cookies.    <\/div><div> <\/div><div>Los usuarios pueden elegir expresar y cambiar sus preferencias sobre Cookies en cualquier momento<a href=\"https:\/\/www.substipharm.com\/es\/\">.https:\/\/www.substipharm.com\/ <\/a> El Sitio Web tambi\u00e9n puede utilizar los servicios de proveedores de servicios externos para ayudarle a recopilar y procesar la informaci\u00f3n descrita en esta secci\u00f3n.<\/div><div> <\/div><div>Por \u00faltimo, al hacer clic en los iconos de las redes sociales Twitter, Facebook, LinkedIn y Google Plus en el Sitio Web o la aplicaci\u00f3n m\u00f3vil <a href=\"https:\/\/www.substipharm.com\/es\/\">https:\/\/www.substipharm.com\/, y si el Usuario ha aceptado la colocaci\u00f3n de Cookies al continuar navegando por https:\/\/www.substipharm.com\/<\/a><\/div><div>El sitio web o la aplicaci\u00f3n m\u00f3vil, Twitter, Facebook, LinkedIn y Google Plus tambi\u00e9n pueden colocar Cookies en tus dispositivos (ordenador, tableta, tel\u00e9fono m\u00f3vil).<\/div><div> <\/div><div>Este tipo de Cookies s\u00f3lo se depositan en tus dispositivos si das tu consentimiento al continuar navegando por el Sitio Web o la aplicaci\u00f3n m\u00f3vil <a href=\"https:\/\/www.substipharm.com\/es\/\">https:\/\/www.substipharm.com\/<\/a>. No obstante, los Usuarios pueden retirar su consentimiento para que el Sitio Web <a href=\"https:\/\/www.substipharm.com\/es\/\">https:\/\/www.substipharm.com\/<\/a> deposite este tipo de Cookies en cualquier momento. <\/div><\/div><div> <\/div><p> <\/p>\t\t\t\t\t\t\t\t<\/div>\n\t\t\t\t<\/div>\n\t\t\t\t\t<\/div>\n\t\t<\/div>\n\t\t\t\t\t<\/div>\n\t\t<\/section>\n\t\t\t\t\t<\/div>\n\t\t<\/div>\n\t\t\t\t\t<\/div>\n\t\t<\/section>\n\t\t\t\t<\/div>\n\t\t","protected":false},"excerpt":{"rendered":"<p>Pol\u00edtica de cookies Una \u00abcookie\u00bb es un peque\u00f1o archivo de informaci\u00f3n enviado al navegador del usuario (en adelante, \u00abUsuario\u00bb) y almacenado en el dispositivo del Usuario (por ejemplo, ordenador, smartphone), (en adelante, \u00abCookies\u00bb). Este archivo incluye informaci\u00f3n como el nombre de dominio del Usuario, el proveedor de servicios de Internet del Usuario, el sistema operativo [&hellip;]<\/p>\n","protected":false},"author":1,"featured_media":0,"parent":0,"menu_order":0,"comment_status":"closed","ping_status":"closed","template":"","meta":{"footnotes":""},"class_list":["post-7366","page","type-page","status-publish","hentry"],"yoast_head":"<!-- This site is optimized with the Yoast SEO plugin v27.2 - https:\/\/yoast.com\/product\/yoast-seo-wordpress\/ -->\n<title>Pol\u00edtica de cookies - Substipharm<\/title>\n<meta name=\"robots\" content=\"index, follow, max-snippet:-1, max-image-preview:large, max-video-preview:-1\" \/>\n<link rel=\"canonical\" href=\"https:\/\/www.substipharm.com\/es\/politica-de-cookies\/\" \/>\n<meta property=\"og:locale\" content=\"es_ES\" \/>\n<meta property=\"og:type\" content=\"article\" \/>\n<meta property=\"og:title\" content=\"Pol\u00edtica de cookies - Substipharm\" \/>\n<meta property=\"og:description\" content=\"Pol\u00edtica de cookies Una \u00abcookie\u00bb es un peque\u00f1o archivo de informaci\u00f3n enviado al navegador del usuario (en adelante, \u00abUsuario\u00bb) y almacenado en el dispositivo del Usuario (por ejemplo, ordenador, smartphone), (en adelante, \u00abCookies\u00bb). Este archivo incluye informaci\u00f3n como el nombre de dominio del Usuario, el proveedor de servicios de Internet del Usuario, el sistema operativo [&hellip;]\" \/>\n<meta property=\"og:url\" content=\"https:\/\/www.substipharm.com\/es\/politica-de-cookies\/\" \/>\n<meta property=\"og:site_name\" content=\"Substipharm\" \/>\n<meta property=\"article:modified_time\" content=\"2025-03-24T10:53:28+00:00\" \/>\n<meta name=\"twitter:card\" content=\"summary_large_image\" \/>\n<meta name=\"twitter:label1\" content=\"Tiempo de lectura\" \/>\n\t<meta name=\"twitter:data1\" content=\"3 minutos\" \/>\n<script type=\"application\/ld+json\" class=\"yoast-schema-graph\">{\"@context\":\"https:\/\/schema.org\",\"@graph\":[{\"@type\":\"WebPage\",\"@id\":\"https:\/\/www.substipharm.com\/es\/politica-de-cookies\/\",\"url\":\"https:\/\/www.substipharm.com\/es\/politica-de-cookies\/\",\"name\":\"Pol\u00edtica de cookies - Substipharm\",\"isPartOf\":{\"@id\":\"https:\/\/www.substipharm.com\/es\/#website\"},\"datePublished\":\"2025-03-24T10:53:24+00:00\",\"dateModified\":\"2025-03-24T10:53:28+00:00\",\"breadcrumb\":{\"@id\":\"https:\/\/www.substipharm.com\/es\/politica-de-cookies\/#breadcrumb\"},\"inLanguage\":\"es\",\"potentialAction\":[{\"@type\":\"ReadAction\",\"target\":[\"https:\/\/www.substipharm.com\/es\/politica-de-cookies\/\"]}]},{\"@type\":\"BreadcrumbList\",\"@id\":\"https:\/\/www.substipharm.com\/es\/politica-de-cookies\/#breadcrumb\",\"itemListElement\":[{\"@type\":\"ListItem\",\"position\":1,\"name\":\"Accueil\",\"item\":\"https:\/\/www.substipharm.com\/es\/\"},{\"@type\":\"ListItem\",\"position\":2,\"name\":\"Pol\u00edtica de cookies\"}]},{\"@type\":\"WebSite\",\"@id\":\"https:\/\/www.substipharm.com\/es\/#website\",\"url\":\"https:\/\/www.substipharm.com\/es\/\",\"name\":\"Substipharm\",\"description\":\"\",\"publisher\":{\"@id\":\"https:\/\/www.substipharm.com\/es\/#organization\"},\"potentialAction\":[{\"@type\":\"SearchAction\",\"target\":{\"@type\":\"EntryPoint\",\"urlTemplate\":\"https:\/\/www.substipharm.com\/es\/?s={search_term_string}\"},\"query-input\":{\"@type\":\"PropertyValueSpecification\",\"valueRequired\":true,\"valueName\":\"search_term_string\"}}],\"inLanguage\":\"es\"},{\"@type\":\"Organization\",\"@id\":\"https:\/\/www.substipharm.com\/es\/#organization\",\"name\":\"Substipharm\",\"url\":\"https:\/\/www.substipharm.com\/es\/\",\"logo\":{\"@type\":\"ImageObject\",\"inLanguage\":\"es\",\"@id\":\"https:\/\/www.substipharm.com\/es\/#\/schema\/logo\/image\/\",\"url\":\"https:\/\/www.substipharm.com\/wp-content\/uploads\/2021\/08\/fichier-1@2x.png\",\"contentUrl\":\"https:\/\/www.substipharm.com\/wp-content\/uploads\/2021\/08\/fichier-1@2x.png\",\"width\":1446,\"height\":219,\"caption\":\"Substipharm\"},\"image\":{\"@id\":\"https:\/\/www.substipharm.com\/es\/#\/schema\/logo\/image\/\"}}]}<\/script>\n<!-- \/ Yoast SEO plugin. -->","yoast_head_json":{"title":"Pol\u00edtica de cookies - Substipharm","robots":{"index":"index","follow":"follow","max-snippet":"max-snippet:-1","max-image-preview":"max-image-preview:large","max-video-preview":"max-video-preview:-1"},"canonical":"https:\/\/www.substipharm.com\/es\/politica-de-cookies\/","og_locale":"es_ES","og_type":"article","og_title":"Pol\u00edtica de cookies - Substipharm","og_description":"Pol\u00edtica de cookies Una \u00abcookie\u00bb es un peque\u00f1o archivo de informaci\u00f3n enviado al navegador del usuario (en adelante, \u00abUsuario\u00bb) y almacenado en el dispositivo del Usuario (por ejemplo, ordenador, smartphone), (en adelante, \u00abCookies\u00bb). Este archivo incluye informaci\u00f3n como el nombre de dominio del Usuario, el proveedor de servicios de Internet del Usuario, el sistema operativo [&hellip;]","og_url":"https:\/\/www.substipharm.com\/es\/politica-de-cookies\/","og_site_name":"Substipharm","article_modified_time":"2025-03-24T10:53:28+00:00","twitter_card":"summary_large_image","twitter_misc":{"Tiempo de lectura":"3 minutos"},"schema":{"@context":"https:\/\/schema.org","@graph":[{"@type":"WebPage","@id":"https:\/\/www.substipharm.com\/es\/politica-de-cookies\/","url":"https:\/\/www.substipharm.com\/es\/politica-de-cookies\/","name":"Pol\u00edtica de cookies - Substipharm","isPartOf":{"@id":"https:\/\/www.substipharm.com\/es\/#website"},"datePublished":"2025-03-24T10:53:24+00:00","dateModified":"2025-03-24T10:53:28+00:00","breadcrumb":{"@id":"https:\/\/www.substipharm.com\/es\/politica-de-cookies\/#breadcrumb"},"inLanguage":"es","potentialAction":[{"@type":"ReadAction","target":["https:\/\/www.substipharm.com\/es\/politica-de-cookies\/"]}]},{"@type":"BreadcrumbList","@id":"https:\/\/www.substipharm.com\/es\/politica-de-cookies\/#breadcrumb","itemListElement":[{"@type":"ListItem","position":1,"name":"Accueil","item":"https:\/\/www.substipharm.com\/es\/"},{"@type":"ListItem","position":2,"name":"Pol\u00edtica de cookies"}]},{"@type":"WebSite","@id":"https:\/\/www.substipharm.com\/es\/#website","url":"https:\/\/www.substipharm.com\/es\/","name":"Substipharm","description":"","publisher":{"@id":"https:\/\/www.substipharm.com\/es\/#organization"},"potentialAction":[{"@type":"SearchAction","target":{"@type":"EntryPoint","urlTemplate":"https:\/\/www.substipharm.com\/es\/?s={search_term_string}"},"query-input":{"@type":"PropertyValueSpecification","valueRequired":true,"valueName":"search_term_string"}}],"inLanguage":"es"},{"@type":"Organization","@id":"https:\/\/www.substipharm.com\/es\/#organization","name":"Substipharm","url":"https:\/\/www.substipharm.com\/es\/","logo":{"@type":"ImageObject","inLanguage":"es","@id":"https:\/\/www.substipharm.com\/es\/#\/schema\/logo\/image\/","url":"https:\/\/www.substipharm.com\/wp-content\/uploads\/2021\/08\/fichier-1@2x.png","contentUrl":"https:\/\/www.substipharm.com\/wp-content\/uploads\/2021\/08\/fichier-1@2x.png","width":1446,"height":219,"caption":"Substipharm"},"image":{"@id":"https:\/\/www.substipharm.com\/es\/#\/schema\/logo\/image\/"}}]}},"_links":{"self":[{"href":"https:\/\/www.substipharm.com\/es\/wp-json\/wp\/v2\/pages\/7366","targetHints":{"allow":["GET"]}}],"collection":[{"href":"https:\/\/www.substipharm.com\/es\/wp-json\/wp\/v2\/pages"}],"about":[{"href":"https:\/\/www.substipharm.com\/es\/wp-json\/wp\/v2\/types\/page"}],"author":[{"embeddable":true,"href":"https:\/\/www.substipharm.com\/es\/wp-json\/wp\/v2\/users\/1"}],"replies":[{"embeddable":true,"href":"https:\/\/www.substipharm.com\/es\/wp-json\/wp\/v2\/comments?post=7366"}],"version-history":[{"count":1,"href":"https:\/\/www.substipharm.com\/es\/wp-json\/wp\/v2\/pages\/7366\/revisions"}],"predecessor-version":[{"id":7368,"href":"https:\/\/www.substipharm.com\/es\/wp-json\/wp\/v2\/pages\/7366\/revisions\/7368"}],"wp:attachment":[{"href":"https:\/\/www.substipharm.com\/es\/wp-json\/wp\/v2\/media?parent=7366"}],"curies":[{"name":"wp","href":"https:\/\/api.w.org\/{rel}","templated":true}]}}