{"id":7446,"date":"2025-03-24T12:00:58","date_gmt":"2025-03-24T11:00:58","guid":{"rendered":"https:\/\/www.substipharm.com\/farmacovigilancia\/"},"modified":"2025-10-03T10:51:32","modified_gmt":"2025-10-03T08:51:32","slug":"farmacovigilancia","status":"publish","type":"page","link":"https:\/\/www.substipharm.com\/es\/farmacovigilancia\/","title":{"rendered":"Farmacovigilancia"},"content":{"rendered":"<h1>Contacto de farmacovigilancia  <br \/><\/h1>\n<h2>Francia<\/h2>\n<p><strong style=\"font-family: var( --e-global-typography-text-font-family ), Sans-serif; font-size: var( --e-global-typography-text-font-size );\">Te recordamos que debes ponerte en contacto con tu m\u00e9dico ante cualquier problema m\u00e9dico.<\/strong><\/p>\n<p>Deseas notificar una reacci\u00f3n adversa relacionada con un producto Substipharm comercializado en Francia :<\/p>\n<ul>\n<li>  Puedes notificar los efectos secundarios a trav\u00e9s del sistema nacional de notificaci\u00f3n : Agence Nationale de S\u00e9curit\u00e9 du M\u00e9dicament et des produits de sant\u00e9 o ANSM y R\u00e9seau de Centres R\u00e9gionaux de Pharmacovigilance : <a id=\"menur4eq\" title=\"https:\/\/signalement.social-sante.gouv.fr\/\" href=\"https:\/\/signalement.social-sante.gouv.fr\/\" target=\"_blank\" rel=\"noreferrer noopener\" aria-label=\"Lien https:\/\/signalement.social-sante.gouv.fr\/\">https:\/\/signalement.social-sante.gouv.fr\/<\/a><\/li>\n<li>O ponte en contacto con nuestro Departamento de Informaci\u00f3n M\u00e9dica y Farmacovigilancia llamando al <strong>+ 33 4 67 10 58 49<\/strong> o en la siguiente direcci\u00f3n de correo electr\u00f3nico: <strong>substipharm@vigipharm.fr<\/strong><\/li>\n<\/ul>\n<h2>Italia<\/h2>\n<p>Si experimentas alg\u00fan efecto secundario, incluidos los no enumerados en los prospectos que acompa\u00f1an a los medicamentos Substipharm, notif\u00edcalo de una de las siguientes maneras:<\/p>\n<ul>\n<li>rellenando el formulario de notificaci\u00f3n de sospechas de reacciones adversas y envi\u00e1ndolo por correo electr\u00f3nico o fax al Jefe de Farmacovigilancia de tu centro https:\/\/www.aifa.gov.it\/en\/responsabili-farmacovigilanza<br \/>El formulario (en papel o electr\u00f3nico) puede descargarse de la p\u00e1gina web de la Agencia Italiana del Medicamento en el enlace https:\/\/www.agenziafarmaco.gov.it<\/li>\n<li>informar directamente en l\u00ednea en el sitio web de la AIFA accediendo al siguiente enlace de la AIFA.<\/li>\n<li>poni\u00e9ndote en contacto con Substipharm llamando a 800780088 o enviando un correo electr\u00f3nico a substipharmita@gbpharma.it.<\/li>\n<\/ul>\n<p>Si se manifiesta alg\u00fan efecto indeseado, incluidos los no mencionados en los gr\u00e1ficos que acompa\u00f1an a los medicamentos de Substipharm, te invitamos a analizar dichos efectos de una de las siguientes maneras:<\/p>\n<ul>\n<li>recopilando el esquema de seguimiento de la sospecha de robo e envi\u00e1ndolo por correo electr\u00f3nico o fax al Responsable de Farmacovigilancia de tu propia estructura de propiedad <a href=\"https:\/\/m365.eu.vadesecure.com\/safeproxy\/v4?f=K5jNp5xCpgTQ1y2uigwoiSTDM0M_acC0NHooGDFyYEVKyoj35X0v7I8PFVZc3AHh&amp;i=WjfPC-AKZvQ558HzRtkyRfQbd07dwPftR8xn80vi2fa5WilVRDOzgF1Uy3pRSx6cBM92ZGbDKt1p0RTxV4AzdQ&amp;k=Wx2U&amp;r=oSOg_X-OpFReODjAwGGZy52nBORInHrEXw0l0rusoAwf-D7x8rBh4R87ZapT4up5&amp;s=9c14d7b3c3d6fde57dfd137680fbbf95d4031202b0ccfc323225c0cf362a10e0&amp;u=https%3A%2F%2Fwww.aifa.gov.it%2Fen%2Fresponsabili-farmacovigilanza\">https:\/\/www.aifa.gov.it\/en\/responsabili-farmacovigilanza<\/a><\/li>\n<li>La scheda (cartacea o elettronica) \u00e8 scaricabile dal sito dell&#8217;Agenzia Italiana del Farmaco al link <strong><a href=\"https:\/\/www.aifa.gov.it\/moduli-segnalazione-reazioni-avverse\">Moduli segnalazione reazioni avverse | Agenzia Italiana del Farmaco (aifa.gov.it)<\/a><\/strong><\/li>\n<li>accediendo directamente en l\u00ednea al sitio web <a href=\"https:\/\/m365.eu.vadesecure.com\/safeproxy\/v4?f=pEU9lYAHkmLdlBIwaNpirBqK9iFUVq4bZxaV2DzhPu6z8D3unBqq_7nCxhprttdk&amp;i=RIBGETIc9UYqOj3Vq52hNlbkG7cV-ijkbP7wgq_gqUQOdTxM4UGNiuLJNLlXAB2uGL895gN5kJw1Gg6UsuTY8A&amp;k=8KtD&amp;r=eLTkK6p6i2UQIXeJIyIzsFfKd6vH8uoqnuSTXHU-bwF40y8QIhlD1qJu8ds2RFje&amp;s=efdfe9a9fb9805d641b3285c5a9f38782a23b9c920ee0c64c2e93f2a8a27d4d3&amp;u=https%3A%2F%2Fservizionline.aifa.gov.it%2Fschedasegnalazioni%2F%23%2F\">de AIFA a trav\u00e9s del siguiente enlace AIFA<\/a>.<\/li>\n<\/ul>\n<ul>\n<li>Contattando Substipharm al numero 800780088 oppure inviando un&#8217;e-mail all&#8217;indirizzo <a href=\"mailto:substipharm@productlife-group.com\">substipharm@productlife-group.com<\/a><\/li>\n<\/ul>\n<h2>Austria<\/h2>\n<p>Para cualquier acontecimiento adverso relacionado con los medicamentos Substipharm comercializados en Austria, ponte en contacto con  <\/p>\n<p>Tel :<strong> 0800298153<\/strong><\/p>\n<p>Correo electr\u00f3nico : <a href=\"mailto:substipharm@productlife-group.com\"><u><strong>substipharm@productlife-group.com<\/strong><\/u><\/a><\/p>\n<h2>B\u00e9lgica<\/h2>\n<p>Para cualquier acontecimiento adverso relacionado con los medicamentos Substipharm comercializados en B\u00e9lgica, ponte en contacto con  <\/p>\n<p>Tel : <strong>080077098<\/strong><\/p>\n<p>Correo electr\u00f3nico : <a href=\"mailto:substipharm@productlife-group.com\"><u><strong>substipharm@productlife-group.com<\/strong><\/u><\/a><\/p>\n<h2>Alemania<\/h2>\n<p>Para cualquier acontecimiento adverso relacionado con los medicamentos Substipharm comercializados en Alemania, ponte en contacto con  <\/p>\n<p>Tel : <strong>08001801783<\/strong><\/p>\n<p>Correo electr\u00f3nico : <a href=\"mailto:substipharm@productlife-group.com\"><u><strong>substipharm@productlife-group.com<\/strong><\/u><\/a><\/p>\n<h2>Irlanda<\/h2>\n<p>Para cualquier acontecimiento adverso relacionado con los medicamentos Substipharm comercializados en Irlanda, ponte en contacto con  <\/p>\n<p>Tel\u00e9fono: <strong>1800300170<\/strong><\/p>\n<p>Correo electr\u00f3nico: <a href=\"mailto:substipharm@productlife-group.com\"><u><strong>substipharm@productlife-group.com<\/strong><\/u><\/a><\/p>\n<h2>Luxemburgo<\/h2>\n<p>Para cualquier acontecimiento adverso relacionado con los medicamentos Substipharm comercializados en Luxemburgo, ponte en contacto con  <\/p>\n<p>Tel : <strong>80024806<\/strong><\/p>\n<p>Correo electr\u00f3nico : <a href=\"mailto:substipharm@productlife-group.com\"><u><strong>substipharm@productlife-group.com<\/strong><\/u><\/a><\/p>\n<h2>Pa\u00edses Bajos<\/h2>\n<p>Para cualquier acontecimiento adverso relacionado con los medicamentos Substipharm comercializados en los Pa\u00edses Bajos, ponte en contacto con  <\/p>\n<p>Tel : <strong>08000228089<\/strong><\/p>\n<p>Correo electr\u00f3nico : <a href=\"mailto:substipharm@productlife-group.com\"><u><strong>substipharm@productlife-group.com<\/strong><\/u><\/a><\/p>\n<h2>Portugal<\/h2>\n<p>Para cualquier acontecimiento adverso relacionado con los medicamentos Substipharm comercializados en Portugal, ponte en contacto con<\/p>\n<p>Tel : <strong>800833006<\/strong><\/p>\n<p>Email : <a href=\"mailto:substipharm@productlife-group.com\"><u><strong>substipharm@productlife-group.com<\/strong><\/u><\/a><\/p>\n<h2>Espa\u00f1a<\/h2>\n<p>Para cualquier acontecimiento adverso relacionado con los medicamentos Substipharm comercializados en Espa\u00f1a, ponte en contacto con  <\/p>\n<p>Tel : <strong>900993317<\/strong><\/p>\n<p>Correo electr\u00f3nico : <a href=\"mailto:substipharm@productlife-group.com\"><u><strong>substipharm@productlife-group.com<\/strong><\/u><\/a><\/p>\n<h2>Reino Unido<\/h2>\n<p>Para cualquier acontecimiento adverso relacionado con los medicamentos Substipharm comercializados en el Reino Unido, ponte en contacto con nuestro proveedor externo:<\/p>\n<p>PRODUCT LIFE Limited<\/p>\n<p>Tel : <strong>+44(0) 1223 395 301<\/strong><\/p>\n<p>Fax :  +44(0) 1223 395 302<\/p>\n<p>Correo electr\u00f3nico :&nbsp;<a href=\"mailto:substipharm@productlife-group.com\" style=\"background-color: rgb(255, 255, 255);\"><u><strong>substipharm@productlife-group.com<\/strong><\/u><\/a><\/p>\n","protected":false},"excerpt":{"rendered":"<p>Contacto de farmacovigilancia Francia Te recordamos que debes ponerte en contacto con tu m\u00e9dico ante cualquier problema m\u00e9dico. Deseas notificar una reacci\u00f3n adversa relacionada con un producto Substipharm comercializado en Francia : Puedes notificar los efectos secundarios a trav\u00e9s del sistema nacional de notificaci\u00f3n : Agence Nationale de S\u00e9curit\u00e9 du M\u00e9dicament et des produits de [&hellip;]<\/p>\n","protected":false},"author":1,"featured_media":0,"parent":0,"menu_order":0,"comment_status":"closed","ping_status":"closed","template":"","meta":{"footnotes":""},"class_list":["post-7446","page","type-page","status-publish","hentry"],"yoast_head":"<!-- This site is optimized with the Yoast SEO plugin v27.2 - https:\/\/yoast.com\/product\/yoast-seo-wordpress\/ -->\n<title>Farmacovigilancia - Substipharm<\/title>\n<meta name=\"robots\" content=\"index, follow, max-snippet:-1, max-image-preview:large, max-video-preview:-1\" \/>\n<link rel=\"canonical\" href=\"https:\/\/www.substipharm.com\/es\/farmacovigilancia\/\" \/>\n<meta property=\"og:locale\" content=\"es_ES\" \/>\n<meta property=\"og:type\" content=\"article\" \/>\n<meta property=\"og:title\" content=\"Farmacovigilancia - Substipharm\" \/>\n<meta property=\"og:description\" content=\"Contacto de farmacovigilancia Francia Te recordamos que debes ponerte en contacto con tu m\u00e9dico ante cualquier problema m\u00e9dico. Deseas notificar una reacci\u00f3n adversa relacionada con un producto Substipharm comercializado en Francia : Puedes notificar los efectos secundarios a trav\u00e9s del sistema nacional de notificaci\u00f3n : Agence Nationale de S\u00e9curit\u00e9 du M\u00e9dicament et des produits de [&hellip;]\" \/>\n<meta property=\"og:url\" content=\"https:\/\/www.substipharm.com\/es\/farmacovigilancia\/\" \/>\n<meta property=\"og:site_name\" content=\"Substipharm\" \/>\n<meta property=\"article:modified_time\" content=\"2025-10-03T08:51:32+00:00\" \/>\n<meta name=\"twitter:card\" content=\"summary_large_image\" \/>\n<meta name=\"twitter:label1\" content=\"Tiempo de lectura\" \/>\n\t<meta name=\"twitter:data1\" content=\"3 minutos\" \/>\n<script type=\"application\/ld+json\" class=\"yoast-schema-graph\">{\"@context\":\"https:\/\/schema.org\",\"@graph\":[{\"@type\":\"WebPage\",\"@id\":\"https:\/\/www.substipharm.com\/es\/farmacovigilancia\/\",\"url\":\"https:\/\/www.substipharm.com\/es\/farmacovigilancia\/\",\"name\":\"Farmacovigilancia - Substipharm\",\"isPartOf\":{\"@id\":\"https:\/\/www.substipharm.com\/es\/#website\"},\"datePublished\":\"2025-03-24T11:00:58+00:00\",\"dateModified\":\"2025-10-03T08:51:32+00:00\",\"breadcrumb\":{\"@id\":\"https:\/\/www.substipharm.com\/es\/farmacovigilancia\/#breadcrumb\"},\"inLanguage\":\"es\",\"potentialAction\":[{\"@type\":\"ReadAction\",\"target\":[\"https:\/\/www.substipharm.com\/es\/farmacovigilancia\/\"]}]},{\"@type\":\"BreadcrumbList\",\"@id\":\"https:\/\/www.substipharm.com\/es\/farmacovigilancia\/#breadcrumb\",\"itemListElement\":[{\"@type\":\"ListItem\",\"position\":1,\"name\":\"Accueil\",\"item\":\"https:\/\/www.substipharm.com\/es\/\"},{\"@type\":\"ListItem\",\"position\":2,\"name\":\"Farmacovigilancia\"}]},{\"@type\":\"WebSite\",\"@id\":\"https:\/\/www.substipharm.com\/es\/#website\",\"url\":\"https:\/\/www.substipharm.com\/es\/\",\"name\":\"Substipharm\",\"description\":\"\",\"publisher\":{\"@id\":\"https:\/\/www.substipharm.com\/es\/#organization\"},\"potentialAction\":[{\"@type\":\"SearchAction\",\"target\":{\"@type\":\"EntryPoint\",\"urlTemplate\":\"https:\/\/www.substipharm.com\/es\/?s={search_term_string}\"},\"query-input\":{\"@type\":\"PropertyValueSpecification\",\"valueRequired\":true,\"valueName\":\"search_term_string\"}}],\"inLanguage\":\"es\"},{\"@type\":\"Organization\",\"@id\":\"https:\/\/www.substipharm.com\/es\/#organization\",\"name\":\"Substipharm\",\"url\":\"https:\/\/www.substipharm.com\/es\/\",\"logo\":{\"@type\":\"ImageObject\",\"inLanguage\":\"es\",\"@id\":\"https:\/\/www.substipharm.com\/es\/#\/schema\/logo\/image\/\",\"url\":\"https:\/\/www.substipharm.com\/wp-content\/uploads\/2021\/08\/fichier-1@2x.png\",\"contentUrl\":\"https:\/\/www.substipharm.com\/wp-content\/uploads\/2021\/08\/fichier-1@2x.png\",\"width\":1446,\"height\":219,\"caption\":\"Substipharm\"},\"image\":{\"@id\":\"https:\/\/www.substipharm.com\/es\/#\/schema\/logo\/image\/\"}}]}<\/script>\n<!-- \/ Yoast SEO plugin. -->","yoast_head_json":{"title":"Farmacovigilancia - Substipharm","robots":{"index":"index","follow":"follow","max-snippet":"max-snippet:-1","max-image-preview":"max-image-preview:large","max-video-preview":"max-video-preview:-1"},"canonical":"https:\/\/www.substipharm.com\/es\/farmacovigilancia\/","og_locale":"es_ES","og_type":"article","og_title":"Farmacovigilancia - Substipharm","og_description":"Contacto de farmacovigilancia Francia Te recordamos que debes ponerte en contacto con tu m\u00e9dico ante cualquier problema m\u00e9dico. Deseas notificar una reacci\u00f3n adversa relacionada con un producto Substipharm comercializado en Francia : Puedes notificar los efectos secundarios a trav\u00e9s del sistema nacional de notificaci\u00f3n : Agence Nationale de S\u00e9curit\u00e9 du M\u00e9dicament et des produits de [&hellip;]","og_url":"https:\/\/www.substipharm.com\/es\/farmacovigilancia\/","og_site_name":"Substipharm","article_modified_time":"2025-10-03T08:51:32+00:00","twitter_card":"summary_large_image","twitter_misc":{"Tiempo de lectura":"3 minutos"},"schema":{"@context":"https:\/\/schema.org","@graph":[{"@type":"WebPage","@id":"https:\/\/www.substipharm.com\/es\/farmacovigilancia\/","url":"https:\/\/www.substipharm.com\/es\/farmacovigilancia\/","name":"Farmacovigilancia - Substipharm","isPartOf":{"@id":"https:\/\/www.substipharm.com\/es\/#website"},"datePublished":"2025-03-24T11:00:58+00:00","dateModified":"2025-10-03T08:51:32+00:00","breadcrumb":{"@id":"https:\/\/www.substipharm.com\/es\/farmacovigilancia\/#breadcrumb"},"inLanguage":"es","potentialAction":[{"@type":"ReadAction","target":["https:\/\/www.substipharm.com\/es\/farmacovigilancia\/"]}]},{"@type":"BreadcrumbList","@id":"https:\/\/www.substipharm.com\/es\/farmacovigilancia\/#breadcrumb","itemListElement":[{"@type":"ListItem","position":1,"name":"Accueil","item":"https:\/\/www.substipharm.com\/es\/"},{"@type":"ListItem","position":2,"name":"Farmacovigilancia"}]},{"@type":"WebSite","@id":"https:\/\/www.substipharm.com\/es\/#website","url":"https:\/\/www.substipharm.com\/es\/","name":"Substipharm","description":"","publisher":{"@id":"https:\/\/www.substipharm.com\/es\/#organization"},"potentialAction":[{"@type":"SearchAction","target":{"@type":"EntryPoint","urlTemplate":"https:\/\/www.substipharm.com\/es\/?s={search_term_string}"},"query-input":{"@type":"PropertyValueSpecification","valueRequired":true,"valueName":"search_term_string"}}],"inLanguage":"es"},{"@type":"Organization","@id":"https:\/\/www.substipharm.com\/es\/#organization","name":"Substipharm","url":"https:\/\/www.substipharm.com\/es\/","logo":{"@type":"ImageObject","inLanguage":"es","@id":"https:\/\/www.substipharm.com\/es\/#\/schema\/logo\/image\/","url":"https:\/\/www.substipharm.com\/wp-content\/uploads\/2021\/08\/fichier-1@2x.png","contentUrl":"https:\/\/www.substipharm.com\/wp-content\/uploads\/2021\/08\/fichier-1@2x.png","width":1446,"height":219,"caption":"Substipharm"},"image":{"@id":"https:\/\/www.substipharm.com\/es\/#\/schema\/logo\/image\/"}}]}},"_links":{"self":[{"href":"https:\/\/www.substipharm.com\/es\/wp-json\/wp\/v2\/pages\/7446","targetHints":{"allow":["GET"]}}],"collection":[{"href":"https:\/\/www.substipharm.com\/es\/wp-json\/wp\/v2\/pages"}],"about":[{"href":"https:\/\/www.substipharm.com\/es\/wp-json\/wp\/v2\/types\/page"}],"author":[{"embeddable":true,"href":"https:\/\/www.substipharm.com\/es\/wp-json\/wp\/v2\/users\/1"}],"replies":[{"embeddable":true,"href":"https:\/\/www.substipharm.com\/es\/wp-json\/wp\/v2\/comments?post=7446"}],"version-history":[{"count":10,"href":"https:\/\/www.substipharm.com\/es\/wp-json\/wp\/v2\/pages\/7446\/revisions"}],"predecessor-version":[{"id":8064,"href":"https:\/\/www.substipharm.com\/es\/wp-json\/wp\/v2\/pages\/7446\/revisions\/8064"}],"wp:attachment":[{"href":"https:\/\/www.substipharm.com\/es\/wp-json\/wp\/v2\/media?parent=7446"}],"curies":[{"name":"wp","href":"https:\/\/api.w.org\/{rel}","templated":true}]}}