{"id":2526,"date":"2023-03-30T10:57:41","date_gmt":"2023-03-30T08:57:41","guid":{"rendered":"https:\/\/www.substipharm.com\/pharmacovigilance\/"},"modified":"2025-10-03T10:42:46","modified_gmt":"2025-10-03T08:42:46","slug":"pharmacovigilance","status":"publish","type":"page","link":"https:\/\/www.substipharm.com\/fr\/pharmacovigilance\/","title":{"rendered":"Pharmacovigilance"},"content":{"rendered":"<h1>Contact pharmacovigilance<\/h1>\n<h2>France<\/h2>\n<p>Nous vous invitons \u00e0 contacter votre m\u00e9decin ou un professionnel de la sant\u00e9 pour toute question relative \u00e0 votre sant\u00e9.\u00a0<\/p>\n<p>Pour signaler un effet ind\u00e9sirable li\u00e9 \u00e0 un produit Substipharm commercialis\u00e9 en France, veuillez contacter l\u2019Agence nationale de s\u00e9curit\u00e9 du m\u00e9dicament et des produits de sant\u00e9 (ANSM) et le R\u00e9seau des\u00a0centres r\u00e9gionaux de pharmacovigilance :\u00a0http:\/\/solidarites-sante.gouv.fr\/soins-et-maladies\/signalement-sante-gouv-fr<\/p>\n<p>Ou notre Service d&rsquo;Information M\u00e9dicale et de Pharmacovigilance au <a href=\"tel:+33467105849\"><strong>+33 4 67 10 58 49<\/strong><\/a> ou \u00e0 l&rsquo;adresse mail suivante :\u00a0<a href=\"mailto:substipharm@vigipharm.fr\"><strong>substipharm@vigipharm.fr<\/strong><\/a><\/p>\n<h2>Italie<\/h2>\n<p>Si vous rencontrez des effets ind\u00e9sirables, y compris ceux qui ne sont pas list\u00e9s dans les notices d\u2019information accompagnant les produits Substipharm, veuillez les signaler\u00a0:<\/p>\n<ul>\n<li>en remplissant le formulaire de d\u00e9claration de suspicion d&rsquo;effet ind\u00e9sirable et en l&rsquo;envoyant par mail\u00a0ou par fax au responsable de la pharmacovigilance de votre lieu de r\u00e9sidence. Vous pouvez acc\u00e9der \u00e0 la liste des responsables de la pharmacovigilance sur le site web de l&rsquo;AIFA \u00e0 l&rsquo;adresse suivante :\u00a0https:\/\/www.aifa.gov.it\/en\/responsabili-farmacovigilanza<\/li>\n<li>en t\u00e9l\u00e9chargeant le formulaire (en format papier ou \u00e9lectronique) \u00e0 partir du site web de l&rsquo;Agence italienne du m\u00e9dicament \u00e0 l&rsquo;adresse suivante :\u00a0<a href=\"https:\/\/m365.eu.vadesecure.com\/safeproxy\/v4?f=ibi2r54CiLnO8aQm0hDHFftemejbRfxk0iwE6yFp_tTkcJBT-3EbAfoSQ9y7rS_O&amp;i=JTbTM-Z_9GCQiu4qA7voBglNOfjuVZUfDbEBDvASXGKefuD32Q9L2ad23E3Pv0IUSJNm-p8_GXETTmfEOPJJjA&amp;k=bkg0&amp;r=iOEl3ebGln6jm90xiRN5A3DXCxsHo6NXkWZk96iOOlr0wfFeTI1gSuXQQKFhd2BK&amp;s=ebc1beeb13eb6b6b4ed9fb0d714d89284c30e7caf4efbc7176594bc4d1384bd1&amp;u=https%3A%2F%2Fwww.aifa.gov.it%2Fmoduli-segnalazione-reazioni-avverse\"><u>Moduli segnalazione reazioni avverse | Agenzia Italiana del Farmaco (aifa.gov.it)<\/u><\/a><\/li>\n<li>en le signalant\u00a0directement en ligne sur le site web de l&rsquo;AIFA en acc\u00e9dant\u00a0au lien suivant :\u00a0lien vers le site AIFA.<\/li>\n<li>en contactant Substipharm en appelant le 800780088 ou en envoyant un mail \u00e0 l\u2019adresse suivante : <a href=\"mailto:substipharm@productlife-group.com\">substipharm@productlife-group.com<\/a><\/li>\n<\/ul>\n<h2>Allemagne<\/h2>\n<p>Pour tout effet ind\u00e9sirable concernant les m\u00e9dicaments Substipharm commercialis\u00e9s en Allemagne, veuillez contacter :<\/p>\n<p>Tel : <strong>08001801783<\/strong><\/p>\n<p>Email :\u00a0<a href=\"mailto:substipharm@productlife-group.com\"><u><strong>substipharm@productlife-group.com<\/strong><\/u><\/a><\/p>\n<h2>Autriche<\/h2>\n<p>Pour tout effet ind\u00e9sirable concernant les m\u00e9dicaments Substipharm commercialis\u00e9s en Autriche, veuillez contacter :&nbsp;<\/p>\n<p>Tel :<strong> 0800298153<\/strong><\/p>\n<p>Email :&nbsp;<a href=\"mailto:substipharm@productlife-group.com\"><u><strong>substipharm@productlife-group.com<\/strong><\/u><\/a><\/p>\n<h2>Belgique<\/h2>\n<p>Pour tout effet ind\u00e9sirable concernant les m\u00e9dicaments Substipharm commercialis\u00e9s en Belgique, veuillez contacter :<\/p>\n<p>Tel : <strong>080077098<\/strong><\/p>\n<p>Email :\u00a0<a href=\"mailto:substipharm@productlife-group.com\"><u><strong>substipharm@productlife-group.com<\/strong><\/u><\/a><\/p>\n<h2>Espagne<\/h2>\n<p>Pour tout effet ind\u00e9sirable concernant les m\u00e9dicaments Substipharm commercialis\u00e9s en Espagne, veuillez contacter :\u00a0<\/p>\n<p>Tel :\u00a0<strong>900993317<\/strong><\/p>\n<p>Email :\u00a0<a href=\"mailto:substipharm@productlife-group.com\"><u><strong>substipharm@productlife-group.com<\/strong><\/u><\/a><\/p>\n<h2>Irlande<\/h2>\n<p>Pour tout effet ind\u00e9sirable concernant les m\u00e9dicaments Substipharm commercialis\u00e9s en Irlande, veuillez contacter :\u00a0<\/p>\n<p>Tel:\u00a0<strong>1800300170<\/strong><\/p>\n<p>Email:\u00a0<a href=\"mailto:substipharm@productlife-group.com\"><u><strong>substipharm@productlife-group.com<\/strong><\/u><\/a><\/p>\n<h2>Luxembourg<\/h2>\n<p>Pour tout effet ind\u00e9sirable li\u00e9 aux m\u00e9dicaments Substipharm commercialis\u00e9s au Luxembourg, veuillez contacter\u00a0:<\/p>\n<p>Tel : <strong>80024806<\/strong><\/p>\n<p>Email :\u00a0<a href=\"mailto:substipharm@productlife-group.com\"><u><strong>substipharm@productlife-group.com<\/strong><\/u><\/a><\/p>\n<h2>Pays-Bas<\/h2>\n<p>Pour tout effet ind\u00e9sirable concernant les m\u00e9dicaments Substipharm commercialis\u00e9s au Pays-Bas, veuillez contacter :<\/p>\n<p>Tel : <strong>08000228089<\/strong><\/p>\n<p>Email :\u00a0<a href=\"mailto:substipharm@productlife-group.com\"><u><strong>substipharm@productlife-group.com<\/strong><\/u><\/a><\/p>\n<h2>Portugal<\/h2>\n<p>Pour tout effet ind\u00e9sirable concernant les m\u00e9dicaments Substipharm commercialis\u00e9s au Portugal, veuillez contacter :\u00a0<\/p>\n<p>Tel :\u00a0<strong>800833006<\/strong><\/p>\n<p>Email :\u00a0<a href=\"mailto:substipharm@productlife-group.com\"><u><strong>substipharm@productlife-group.com<\/strong><\/u><\/a><\/p>\n<h2>Royaume-Uni<\/h2>\n<p>Pour tout effet ind\u00e9sirable concernant les m\u00e9dicaments Substipharm commercialis\u00e9s au Royaume-Uni, veuillez contacter notre prestataire&nbsp;tiers :<\/p>\n<p>PRODUCT LIFE Limited<\/p>\n<p>Tel : <strong>+44(0) 1223 395 301<\/strong><\/p>\n<p>Fax :&nbsp;+44(0) 1223 395 302<\/p>\n<p>Email :&nbsp;&nbsp;<a href=\"mailto:substipharm@productlife-group.com\" style=\"background-color: rgb(255, 255, 255);\"><u><strong>substipharm@productlife-group.com<\/strong><\/u><\/a><\/p>\n","protected":false},"excerpt":{"rendered":"<p>Contact pharmacovigilance France Nous vous invitons \u00e0 contacter votre m\u00e9decin ou un professionnel de la sant\u00e9 pour toute question relative \u00e0 votre sant\u00e9.\u00a0 Pour signaler un effet ind\u00e9sirable li\u00e9 \u00e0 un produit Substipharm commercialis\u00e9 en France, veuillez contacter l\u2019Agence nationale de s\u00e9curit\u00e9 du m\u00e9dicament et des produits de sant\u00e9 (ANSM) et le R\u00e9seau des\u00a0centres r\u00e9gionaux [&hellip;]<\/p>\n","protected":false},"author":1,"featured_media":0,"parent":0,"menu_order":0,"comment_status":"closed","ping_status":"closed","template":"","meta":{"footnotes":""},"class_list":["post-2526","page","type-page","status-publish","hentry"],"yoast_head":"<!-- This site is optimized with the Yoast SEO plugin v27.2 - https:\/\/yoast.com\/product\/yoast-seo-wordpress\/ -->\n<title>Pharmacovigilance - Substipharm<\/title>\n<meta name=\"robots\" content=\"index, follow, max-snippet:-1, max-image-preview:large, max-video-preview:-1\" \/>\n<link rel=\"canonical\" href=\"https:\/\/www.substipharm.com\/fr\/pharmacovigilance\/\" \/>\n<meta property=\"og:locale\" content=\"fr_FR\" \/>\n<meta property=\"og:type\" content=\"article\" \/>\n<meta property=\"og:title\" content=\"Pharmacovigilance - Substipharm\" \/>\n<meta property=\"og:description\" content=\"Contact pharmacovigilance France Nous vous invitons \u00e0 contacter votre m\u00e9decin ou un professionnel de la sant\u00e9 pour toute question relative \u00e0 votre sant\u00e9.\u00a0 Pour signaler un effet ind\u00e9sirable li\u00e9 \u00e0 un produit Substipharm commercialis\u00e9 en France, veuillez contacter l\u2019Agence nationale de s\u00e9curit\u00e9 du m\u00e9dicament et des produits de sant\u00e9 (ANSM) et le R\u00e9seau des\u00a0centres r\u00e9gionaux [&hellip;]\" \/>\n<meta property=\"og:url\" content=\"https:\/\/www.substipharm.com\/fr\/pharmacovigilance\/\" \/>\n<meta property=\"og:site_name\" content=\"Substipharm\" \/>\n<meta property=\"article:modified_time\" content=\"2025-10-03T08:42:46+00:00\" \/>\n<meta name=\"twitter:card\" content=\"summary_large_image\" \/>\n<meta name=\"twitter:label1\" content=\"Dur\u00e9e de lecture estim\u00e9e\" \/>\n\t<meta name=\"twitter:data1\" content=\"3 minutes\" \/>\n<script type=\"application\/ld+json\" class=\"yoast-schema-graph\">{\"@context\":\"https:\/\/schema.org\",\"@graph\":[{\"@type\":\"WebPage\",\"@id\":\"https:\/\/www.substipharm.com\/fr\/pharmacovigilance\/\",\"url\":\"https:\/\/www.substipharm.com\/fr\/pharmacovigilance\/\",\"name\":\"Pharmacovigilance - Substipharm\",\"isPartOf\":{\"@id\":\"https:\/\/www.substipharm.com\/fr\/#website\"},\"datePublished\":\"2023-03-30T08:57:41+00:00\",\"dateModified\":\"2025-10-03T08:42:46+00:00\",\"breadcrumb\":{\"@id\":\"https:\/\/www.substipharm.com\/fr\/pharmacovigilance\/#breadcrumb\"},\"inLanguage\":\"fr-FR\",\"potentialAction\":[{\"@type\":\"ReadAction\",\"target\":[\"https:\/\/www.substipharm.com\/fr\/pharmacovigilance\/\"]}]},{\"@type\":\"BreadcrumbList\",\"@id\":\"https:\/\/www.substipharm.com\/fr\/pharmacovigilance\/#breadcrumb\",\"itemListElement\":[{\"@type\":\"ListItem\",\"position\":1,\"name\":\"Accueil\",\"item\":\"https:\/\/www.substipharm.com\/fr\/\"},{\"@type\":\"ListItem\",\"position\":2,\"name\":\"Pharmacovigilance\"}]},{\"@type\":\"WebSite\",\"@id\":\"https:\/\/www.substipharm.com\/fr\/#website\",\"url\":\"https:\/\/www.substipharm.com\/fr\/\",\"name\":\"Substipharm\",\"description\":\"\",\"publisher\":{\"@id\":\"https:\/\/www.substipharm.com\/fr\/#organization\"},\"potentialAction\":[{\"@type\":\"SearchAction\",\"target\":{\"@type\":\"EntryPoint\",\"urlTemplate\":\"https:\/\/www.substipharm.com\/fr\/?s={search_term_string}\"},\"query-input\":{\"@type\":\"PropertyValueSpecification\",\"valueRequired\":true,\"valueName\":\"search_term_string\"}}],\"inLanguage\":\"fr-FR\"},{\"@type\":\"Organization\",\"@id\":\"https:\/\/www.substipharm.com\/fr\/#organization\",\"name\":\"Substipharm\",\"url\":\"https:\/\/www.substipharm.com\/fr\/\",\"logo\":{\"@type\":\"ImageObject\",\"inLanguage\":\"fr-FR\",\"@id\":\"https:\/\/www.substipharm.com\/fr\/#\/schema\/logo\/image\/\",\"url\":\"https:\/\/www.substipharm.com\/wp-content\/uploads\/2021\/08\/fichier-1@2x.png\",\"contentUrl\":\"https:\/\/www.substipharm.com\/wp-content\/uploads\/2021\/08\/fichier-1@2x.png\",\"width\":1446,\"height\":219,\"caption\":\"Substipharm\"},\"image\":{\"@id\":\"https:\/\/www.substipharm.com\/fr\/#\/schema\/logo\/image\/\"}}]}<\/script>\n<!-- \/ Yoast SEO plugin. -->","yoast_head_json":{"title":"Pharmacovigilance - Substipharm","robots":{"index":"index","follow":"follow","max-snippet":"max-snippet:-1","max-image-preview":"max-image-preview:large","max-video-preview":"max-video-preview:-1"},"canonical":"https:\/\/www.substipharm.com\/fr\/pharmacovigilance\/","og_locale":"fr_FR","og_type":"article","og_title":"Pharmacovigilance - Substipharm","og_description":"Contact pharmacovigilance France Nous vous invitons \u00e0 contacter votre m\u00e9decin ou un professionnel de la sant\u00e9 pour toute question relative \u00e0 votre sant\u00e9.\u00a0 Pour signaler un effet ind\u00e9sirable li\u00e9 \u00e0 un produit Substipharm commercialis\u00e9 en France, veuillez contacter l\u2019Agence nationale de s\u00e9curit\u00e9 du m\u00e9dicament et des produits de sant\u00e9 (ANSM) et le R\u00e9seau des\u00a0centres r\u00e9gionaux [&hellip;]","og_url":"https:\/\/www.substipharm.com\/fr\/pharmacovigilance\/","og_site_name":"Substipharm","article_modified_time":"2025-10-03T08:42:46+00:00","twitter_card":"summary_large_image","twitter_misc":{"Dur\u00e9e de lecture estim\u00e9e":"3 minutes"},"schema":{"@context":"https:\/\/schema.org","@graph":[{"@type":"WebPage","@id":"https:\/\/www.substipharm.com\/fr\/pharmacovigilance\/","url":"https:\/\/www.substipharm.com\/fr\/pharmacovigilance\/","name":"Pharmacovigilance - Substipharm","isPartOf":{"@id":"https:\/\/www.substipharm.com\/fr\/#website"},"datePublished":"2023-03-30T08:57:41+00:00","dateModified":"2025-10-03T08:42:46+00:00","breadcrumb":{"@id":"https:\/\/www.substipharm.com\/fr\/pharmacovigilance\/#breadcrumb"},"inLanguage":"fr-FR","potentialAction":[{"@type":"ReadAction","target":["https:\/\/www.substipharm.com\/fr\/pharmacovigilance\/"]}]},{"@type":"BreadcrumbList","@id":"https:\/\/www.substipharm.com\/fr\/pharmacovigilance\/#breadcrumb","itemListElement":[{"@type":"ListItem","position":1,"name":"Accueil","item":"https:\/\/www.substipharm.com\/fr\/"},{"@type":"ListItem","position":2,"name":"Pharmacovigilance"}]},{"@type":"WebSite","@id":"https:\/\/www.substipharm.com\/fr\/#website","url":"https:\/\/www.substipharm.com\/fr\/","name":"Substipharm","description":"","publisher":{"@id":"https:\/\/www.substipharm.com\/fr\/#organization"},"potentialAction":[{"@type":"SearchAction","target":{"@type":"EntryPoint","urlTemplate":"https:\/\/www.substipharm.com\/fr\/?s={search_term_string}"},"query-input":{"@type":"PropertyValueSpecification","valueRequired":true,"valueName":"search_term_string"}}],"inLanguage":"fr-FR"},{"@type":"Organization","@id":"https:\/\/www.substipharm.com\/fr\/#organization","name":"Substipharm","url":"https:\/\/www.substipharm.com\/fr\/","logo":{"@type":"ImageObject","inLanguage":"fr-FR","@id":"https:\/\/www.substipharm.com\/fr\/#\/schema\/logo\/image\/","url":"https:\/\/www.substipharm.com\/wp-content\/uploads\/2021\/08\/fichier-1@2x.png","contentUrl":"https:\/\/www.substipharm.com\/wp-content\/uploads\/2021\/08\/fichier-1@2x.png","width":1446,"height":219,"caption":"Substipharm"},"image":{"@id":"https:\/\/www.substipharm.com\/fr\/#\/schema\/logo\/image\/"}}]}},"_links":{"self":[{"href":"https:\/\/www.substipharm.com\/fr\/wp-json\/wp\/v2\/pages\/2526","targetHints":{"allow":["GET"]}}],"collection":[{"href":"https:\/\/www.substipharm.com\/fr\/wp-json\/wp\/v2\/pages"}],"about":[{"href":"https:\/\/www.substipharm.com\/fr\/wp-json\/wp\/v2\/types\/page"}],"author":[{"embeddable":true,"href":"https:\/\/www.substipharm.com\/fr\/wp-json\/wp\/v2\/users\/1"}],"replies":[{"embeddable":true,"href":"https:\/\/www.substipharm.com\/fr\/wp-json\/wp\/v2\/comments?post=2526"}],"version-history":[{"count":10,"href":"https:\/\/www.substipharm.com\/fr\/wp-json\/wp\/v2\/pages\/2526\/revisions"}],"predecessor-version":[{"id":8047,"href":"https:\/\/www.substipharm.com\/fr\/wp-json\/wp\/v2\/pages\/2526\/revisions\/8047"}],"wp:attachment":[{"href":"https:\/\/www.substipharm.com\/fr\/wp-json\/wp\/v2\/media?parent=2526"}],"curies":[{"name":"wp","href":"https:\/\/api.w.org\/{rel}","templated":true}]}}