{"id":6889,"date":"2025-02-26T10:03:40","date_gmt":"2025-02-26T09:03:40","guid":{"rendered":"https:\/\/www.substipharm.com\/politica-di-protezione-dei-dati\/informativa-sulla-protezione-dei-dati-informazioni-mediche\/"},"modified":"2025-03-18T10:11:33","modified_gmt":"2025-03-18T09:11:33","slug":"informativa-sulla-protezione-dei-dati-informazioni-mediche","status":"publish","type":"page","link":"https:\/\/www.substipharm.com\/it\/politica-di-protezione-dei-dati\/informativa-sulla-protezione-dei-dati-informazioni-mediche\/","title":{"rendered":"Informativa sulla protezione dei dati &#8211; Informazioni mediche"},"content":{"rendered":"\t\t<div data-elementor-type=\"wp-page\" data-elementor-id=\"6889\" class=\"elementor elementor-6889 elementor-2923\" data-elementor-post-type=\"page\">\n\t\t\t\t\t\t<section class=\"has_eae_slider elementor-section elementor-top-section elementor-element elementor-element-aff894f elementor-section-height-min-height elementor-section-items-stretch elementor-section-content-middle elementor-section-boxed elementor-section-height-default\" data-eae-slider=\"5268\" data-id=\"aff894f\" data-element_type=\"section\" data-e-type=\"section\" data-settings=\"{&quot;background_background&quot;:&quot;classic&quot;}\">\n\t\t\t\t\t\t\t<div class=\"elementor-background-overlay\"><\/div>\n\t\t\t\t\t\t\t<div class=\"elementor-container elementor-column-gap-no\">\n\t\t\t\t\t<div class=\"has_eae_slider elementor-column elementor-col-100 elementor-top-column elementor-element elementor-element-aeac9c7\" data-eae-slider=\"75028\" data-id=\"aeac9c7\" data-element_type=\"column\" data-e-type=\"column\">\n\t\t\t<div class=\"elementor-widget-wrap elementor-element-populated\">\n\t\t\t\t\t\t<div class=\"elementor-element elementor-element-f830fff elementor-widget elementor-widget-heading\" data-id=\"f830fff\" data-element_type=\"widget\" data-e-type=\"widget\" data-widget_type=\"heading.default\">\n\t\t\t\t<div class=\"elementor-widget-container\">\n\t\t\t\t\t<h2 class=\"elementor-heading-title elementor-size-default\">Informativa sulla protezione dei dati - Informazioni mediche<\/h2>\t\t\t\t<\/div>\n\t\t\t\t<\/div>\n\t\t\t\t\t<\/div>\n\t\t<\/div>\n\t\t\t\t\t<\/div>\n\t\t<\/section>\n\t\t\t\t<section class=\"has_eae_slider elementor-section elementor-top-section elementor-element elementor-element-473627e elementor-section-boxed elementor-section-height-default elementor-section-height-default\" data-eae-slider=\"18246\" data-id=\"473627e\" data-element_type=\"section\" data-e-type=\"section\" data-settings=\"{&quot;background_background&quot;:&quot;classic&quot;}\">\n\t\t\t\t\t\t<div class=\"elementor-container elementor-column-gap-default\">\n\t\t\t\t\t<div class=\"has_eae_slider elementor-column elementor-col-100 elementor-top-column elementor-element elementor-element-8137d12\" data-eae-slider=\"38630\" data-id=\"8137d12\" data-element_type=\"column\" data-e-type=\"column\">\n\t\t\t<div class=\"elementor-widget-wrap elementor-element-populated\">\n\t\t\t\t\t\t<section class=\"has_eae_slider elementor-section elementor-inner-section elementor-element elementor-element-92e454a elementor-section-boxed elementor-section-height-default elementor-section-height-default\" data-eae-slider=\"17355\" data-id=\"92e454a\" data-element_type=\"section\" data-e-type=\"section\">\n\t\t\t\t\t\t<div class=\"elementor-container elementor-column-gap-default\">\n\t\t\t\t\t<div class=\"has_eae_slider elementor-column elementor-col-100 elementor-inner-column elementor-element elementor-element-3892de5\" data-eae-slider=\"43124\" data-id=\"3892de5\" data-element_type=\"column\" data-e-type=\"column\" data-settings=\"{&quot;background_background&quot;:&quot;classic&quot;}\">\n\t\t\t<div class=\"elementor-widget-wrap elementor-element-populated\">\n\t\t\t\t\t\t<div class=\"elementor-element elementor-element-0b5db8e elementor-widget elementor-widget-text-editor\" data-id=\"0b5db8e\" data-element_type=\"widget\" data-e-type=\"widget\" data-widget_type=\"text-editor.default\">\n\t\t\t\t<div class=\"elementor-widget-container\">\n\t\t\t\t\t\t\t\t\t<h2>SUBSTIPHARM<\/h2><p>Norme sul trattamento dei dati personali di Substipharm applicabili alle richieste di informazioni mediche<\/p><p>Substipharm raccoglie i tuoi dati personali quando richiedi informazioni mediche sui nostri prodotti, per poter rispondere e analizzare le tue richieste.<\/p><p>Abbiamo bisogno di raccogliere ed elaborare i tuoi dati personali per gestire le richieste di informazioni mediche.<\/p><p>La <strong><u>base giuridica<\/u><\/strong> richiesta dal Regolamento (UE) 2016\/679 del Parlamento Europeo e del Consiglio del 27 aprile 2016 (di seguito anche &#8220;GDPR&#8221;), \u00e8 la legittimazione di Substipharm a trattare le richieste di informazioni mediche in conformit\u00e0 al Codice della Sanit\u00e0 Pubblica francese (articoli R5124-2 e L5122-1) e alla Carta e alle Norme di Certificazione delle Informazioni Promozionali (criterio E6 in particolare).<\/p><p>Abbiamo anche una seconda <strong><u>base giuridica<\/u><\/strong> ai sensi del GDPR, che \u00e8 quella del legittimo interesse. Ci\u00f2 significa che possiamo raccogliere ed elaborare i tuoi dati personali al fine di migliorare i nostri prodotti.<\/p><p>In nessun caso le informazioni raccolte potranno essere utilizzate per scopi diversi da quelli previsti dal presente documento.<\/p><h2>I) Dati raccolti e finalit\u00e0 del trattamento<\/h2><p>In conformit\u00e0 alle disposizioni del Regolamento (UE) 2016\/679 del Parlamento Europeo e del Consiglio del 27 aprile 2016 e della Legge del 6 gennaio 1978 e successive modifiche, Substipharm raccoglie alcuni dati personali quando vengono richieste informazioni mediche.<\/p><p>Lo scopo del trattamento dei dati \u00e8 la gestione e l&#8217;analisi delle tue richieste di informazioni mediche, come specificato di seguito (di seguito &#8220;Finalit\u00e0&#8221;).<\/p><p>Substipharm raccoglie e archivia solo dati pertinenti e rispondenti alle finalit\u00e0 del trattamento. I dati che possono essere raccolti da Substipharm e i dettagli relativi alle finalit\u00e0 sono i seguenti:<\/p><table><tbody><tr><td width=\"302\"><p>Dati raccolti<\/p><\/td><td width=\"302\"><p>Scopo dettagliato:<\/p><\/td><\/tr><tr><td width=\"302\"><p>Identit\u00e0 della persona che effettua la richiesta:<\/p><p>&#8211; Cognome<\/p><p>&#8211; Nome<\/p><p>&#8211; Indirizzo postale (se l&#8217;indirizzo e-mail non \u00e8 disponibile)<\/p><p>&#8211; Indirizzo e-mail<\/p><p>&#8211; Numero di telefono<\/p><p>&#8211; Area in cui lavora l&#8217;operatore sanitario (se la persona che fa la richiesta \u00e8 un operatore sanitario)<\/p><\/td><td width=\"302\"><p>Identificare e comunicare direttamente con la persona che richiede informazioni mediche sui nostri prodotti.<\/p><\/td><\/tr><tr><td width=\"302\"><p>I dati della persona esposta al farmaco che sono strettamente necessari per valutare la richiesta di informazioni, in particolare:<\/p><p>&#8211; Et\u00e0<\/p><p>&#8211; Genere<\/p><p>&#8211; Peso<\/p><p>&#8211; Altezza<\/p><p>&#8211; Dati relativi alla salute<\/p><p>Se la persona esposta fa la richiesta da sola, la sua identit\u00e0 deve essere rivelata.<\/p><\/td><td width=\"302\"><p>Rispondere e valutare la richiesta di informazioni mediche<\/p><\/td><\/tr><tr><td width=\"302\"><p>Il farmaco in questione:<\/p><p>&#8211; Nome del farmaco<\/p><p>&#8211; Dosaggio<\/p><p>&#8211; Numero di lotto, ecc.<\/p><\/td><td width=\"302\"><p>Rispondere e valutare la richiesta di informazioni mediche<\/p><\/td><\/tr><\/tbody><\/table><h2>II) Con chi condividiamo i tuoi dati personali?<\/h2><p><span style=\"text-decoration: underline;\">A. All&#8217;interno dello Spazio Economico Europeo<\/span><\/p><p>All&#8217;interno della societ\u00e0 o del gruppo Substipharm, possiamo condividere i tuoi dati personali con i seguenti destinatari:<\/p><ul><li>Il dipartimento di informazioni mediche di Substipharm;<\/li><li>altri reparti di Substipharm coinvolti nel trattamento dei dati;<\/li><li>altre entit\u00e0 del Gruppo Substipharm all&#8217;interno dello Spazio Economico Europeo.<\/li><\/ul><p>Potremmo inoltre condividere i tuoi dati con fornitori di servizi e subappaltatori che agiscono per conto di Substipharm ai fini del trattamento. Questi ultimi saranno considerati &#8220;responsabili del trattamento&#8221; ai sensi del GDPR.<\/p><p>Tutti questi destinatari hanno accesso ai dati personali solo nella misura in cui ne hanno bisogno per le finalit\u00e0 del trattamento di cui sopra.<\/p><p>I dati vengono divulgati o trasmessi in conformit\u00e0 ai requisiti di sicurezza del GDPR.<\/p><p><span style=\"text-decoration: underline;\">B. Trasferimenti al di fuori dello Spazio Economico Europeo<\/span><\/p><p>I dati raccolti da Substipharm sono elaborati, conservati e archiviati nello Spazio Economico Europeo. Tuttavia, in via eccezionale, i dati possono essere trasferiti al di fuori dello Spazio Economico Europeo se ci\u00f2 \u00e8 necessario per elaborare informazioni mediche legate a un caso di Farmacovigilanza.<\/p><p>In questo caso, i dati vengono trasferiti solo in paesi riconosciuti dall&#8217;Unione Europea come in grado di fornire un livello di protezione adeguato, o implementando misure per controllare il trasferimento e garantire il livello di protezione richiesto dal GDPR.<\/p><h2>III) Per quanto tempo vengono conservati i dati personali?<\/h2><p>La durata della conservazione dei dati \u00e8 determinata dallo scopo della raccolta dei dati e dell&#8217;elaborazione delle richieste di informazioni mediche.<\/p><p>I dati personali raccolti ed elaborati e lo storico delle richieste di informazioni mediche sono conservati per un massimo di 30 anni dalla data di ricezione della richiesta di informazioni mediche.<\/p><h2>IV) I tuoi diritti<\/h2><p>Quando fai una richiesta di informazioni mediche e noi trattiamo i tuoi dati personali, hai i seguenti diritti:<\/p><ul><li>Diritto di accesso: ovvero il diritto di accedere ai dati che ti riguardano e che Substipharm tratta;<\/li><li>Diritto di rettifica: vale a dire il diritto di rettificare qualsiasi dato che ti riguarda che sia inaccurato o incompleto;<\/li><li>Diritto di limitazione: vale a dire il congelamento temporaneo dei tuoi dati per il tempo necessario ad effettuare i controlli, nel caso in cui tu contesti l&#8217;accuratezza dei dati;<\/li><li>Diritto alla cancellazione e all&#8217;eliminazione dei tuoi dati personali alle condizioni definite dai regolamenti e dalla legislazione applicabili (diritto all&#8217;oblio);<\/li><li>Diritto di opporsi al trattamento di tutti o parte dei tuoi dati personali quando questi sono stati raccolti ed elaborati sulla base dei legittimi interessi di Substipharm (a condizione che tu fornisca una giustificazione per la tua situazione particolare);<\/li><li>Diritto di limitare il trattamento dei tuoi dati personali;<\/li><li>Diritto di fornire istruzioni relative alla conservazione, cancellazione e divulgazione dei tuoi Dati personali dopo la tua morte.<\/li><\/ul><p>Il diritto di opporti al trattamento dei tuoi dati e il diritto alla loro cancellazione possono essere limitati in alcune situazioni, in particolare se il trattamento dei tuoi dati \u00e8 richiesto dalla legge.<\/p><h2>V) Contattarci<\/h2><p>Se vuoi contattare Substipharm in merito ai tuoi Dati Personali, puoi scrivere:<\/p><p>Per posta a:<\/p><p style=\"padding-left: 80px;\">Substipharm<\/p><p style=\"padding-left: 80px;\">24 rue Erlanger<\/p><p style=\"padding-left: 80px;\">75016 Parigi, Francia<\/p><p style=\"padding-left: 80px;\">Per e-mail a: <a href=\"mailto:dataprivacy@substipharm.com\">dataprivacy@substipharm.com<\/a><\/p><p>Substipharm ti invier\u00e0 una risposta entro un mese dal ricevimento della tua richiesta, in conformit\u00e0 all&#8217;articolo 12 del GDPR. Se Substipharm deve gestire richieste complesse o un numero molto elevato di richieste, il termine per l&#8217;invio della risposta pu\u00f2 essere prorogato di altri due mesi. In tal caso, sarai informato entro un mese dal ricevimento della tua richiesta.<\/p><p>Puoi anche presentare un reclamo all&#8217;autorit\u00e0 di vigilanza del tuo Stato membro (CNIL in Francia) in qualsiasi momento.<\/p><p>La Commission Nationale de l&#8217;Informatique et des Libert\u00e9s (3 place de Fontenoy &#8211; TSA 80715 -75334 Paris Cedex 07, Tel. +33 (0)1 53 73 22 22 \/ <a href=\"http:\/\/www.cnil.fr\/\">www.cnil.fr)<\/a>.<\/p>\t\t\t\t\t\t\t\t<\/div>\n\t\t\t\t<\/div>\n\t\t\t\t\t<\/div>\n\t\t<\/div>\n\t\t\t\t\t<\/div>\n\t\t<\/section>\n\t\t\t\t\t<\/div>\n\t\t<\/div>\n\t\t\t\t\t<\/div>\n\t\t<\/section>\n\t\t\t\t<\/div>\n\t\t","protected":false},"excerpt":{"rendered":"<p>Informativa sulla protezione dei dati &#8211; Informazioni mediche SUBSTIPHARM Norme sul trattamento dei dati personali di Substipharm applicabili alle richieste di informazioni mediche Substipharm raccoglie i tuoi dati personali quando richiedi informazioni mediche sui nostri prodotti, per poter rispondere e analizzare le tue richieste. Abbiamo bisogno di raccogliere ed elaborare i tuoi dati personali per [&hellip;]<\/p>\n","protected":false},"author":1,"featured_media":0,"parent":6797,"menu_order":0,"comment_status":"closed","ping_status":"closed","template":"","meta":{"footnotes":""},"class_list":["post-6889","page","type-page","status-publish","hentry"],"yoast_head":"<!-- This site is optimized with the Yoast SEO plugin v27.2 - https:\/\/yoast.com\/product\/yoast-seo-wordpress\/ -->\n<title>Informativa sulla protezione dei dati - Informazioni mediche - Substipharm<\/title>\n<meta name=\"robots\" content=\"index, follow, max-snippet:-1, max-image-preview:large, max-video-preview:-1\" \/>\n<link rel=\"canonical\" href=\"https:\/\/www.substipharm.com\/it\/politica-di-protezione-dei-dati\/informativa-sulla-protezione-dei-dati-informazioni-mediche\/\" \/>\n<meta property=\"og:locale\" content=\"it_IT\" \/>\n<meta property=\"og:type\" content=\"article\" \/>\n<meta property=\"og:title\" content=\"Informativa sulla protezione dei dati - Informazioni mediche - Substipharm\" \/>\n<meta property=\"og:description\" content=\"Informativa sulla protezione dei dati &#8211; Informazioni mediche SUBSTIPHARM Norme sul trattamento dei dati personali di Substipharm applicabili alle richieste di informazioni mediche Substipharm raccoglie i tuoi dati personali quando richiedi informazioni mediche sui nostri prodotti, per poter rispondere e analizzare le tue richieste. Abbiamo bisogno di raccogliere ed elaborare i tuoi dati personali per [&hellip;]\" \/>\n<meta property=\"og:url\" content=\"https:\/\/www.substipharm.com\/it\/politica-di-protezione-dei-dati\/informativa-sulla-protezione-dei-dati-informazioni-mediche\/\" \/>\n<meta property=\"og:site_name\" content=\"Substipharm\" \/>\n<meta property=\"article:modified_time\" content=\"2025-03-18T09:11:33+00:00\" \/>\n<meta name=\"twitter:card\" content=\"summary_large_image\" \/>\n<meta name=\"twitter:label1\" content=\"Tempo di lettura stimato\" \/>\n\t<meta name=\"twitter:data1\" content=\"6 minuti\" \/>\n<script type=\"application\/ld+json\" class=\"yoast-schema-graph\">{\"@context\":\"https:\/\/schema.org\",\"@graph\":[{\"@type\":\"WebPage\",\"@id\":\"https:\/\/www.substipharm.com\/it\/politica-di-protezione-dei-dati\/informativa-sulla-protezione-dei-dati-informazioni-mediche\/\",\"url\":\"https:\/\/www.substipharm.com\/it\/politica-di-protezione-dei-dati\/informativa-sulla-protezione-dei-dati-informazioni-mediche\/\",\"name\":\"Informativa sulla protezione dei dati - Informazioni mediche - Substipharm\",\"isPartOf\":{\"@id\":\"https:\/\/www.substipharm.com\/it\/#website\"},\"datePublished\":\"2025-02-26T09:03:40+00:00\",\"dateModified\":\"2025-03-18T09:11:33+00:00\",\"breadcrumb\":{\"@id\":\"https:\/\/www.substipharm.com\/it\/politica-di-protezione-dei-dati\/informativa-sulla-protezione-dei-dati-informazioni-mediche\/#breadcrumb\"},\"inLanguage\":\"it-IT\",\"potentialAction\":[{\"@type\":\"ReadAction\",\"target\":[\"https:\/\/www.substipharm.com\/it\/politica-di-protezione-dei-dati\/informativa-sulla-protezione-dei-dati-informazioni-mediche\/\"]}]},{\"@type\":\"BreadcrumbList\",\"@id\":\"https:\/\/www.substipharm.com\/it\/politica-di-protezione-dei-dati\/informativa-sulla-protezione-dei-dati-informazioni-mediche\/#breadcrumb\",\"itemListElement\":[{\"@type\":\"ListItem\",\"position\":1,\"name\":\"Accueil\",\"item\":\"https:\/\/www.substipharm.com\/it\/\"},{\"@type\":\"ListItem\",\"position\":2,\"name\":\"Politica di protezione dei dati\",\"item\":\"https:\/\/www.substipharm.com\/it\/?page_id=6797\"},{\"@type\":\"ListItem\",\"position\":3,\"name\":\"Informativa sulla protezione dei dati &#8211; Informazioni mediche\"}]},{\"@type\":\"WebSite\",\"@id\":\"https:\/\/www.substipharm.com\/it\/#website\",\"url\":\"https:\/\/www.substipharm.com\/it\/\",\"name\":\"Substipharm\",\"description\":\"\",\"publisher\":{\"@id\":\"https:\/\/www.substipharm.com\/it\/#organization\"},\"potentialAction\":[{\"@type\":\"SearchAction\",\"target\":{\"@type\":\"EntryPoint\",\"urlTemplate\":\"https:\/\/www.substipharm.com\/it\/?s={search_term_string}\"},\"query-input\":{\"@type\":\"PropertyValueSpecification\",\"valueRequired\":true,\"valueName\":\"search_term_string\"}}],\"inLanguage\":\"it-IT\"},{\"@type\":\"Organization\",\"@id\":\"https:\/\/www.substipharm.com\/it\/#organization\",\"name\":\"Substipharm\",\"url\":\"https:\/\/www.substipharm.com\/it\/\",\"logo\":{\"@type\":\"ImageObject\",\"inLanguage\":\"it-IT\",\"@id\":\"https:\/\/www.substipharm.com\/it\/#\/schema\/logo\/image\/\",\"url\":\"https:\/\/www.substipharm.com\/wp-content\/uploads\/2021\/08\/fichier-1@2x.png\",\"contentUrl\":\"https:\/\/www.substipharm.com\/wp-content\/uploads\/2021\/08\/fichier-1@2x.png\",\"width\":1446,\"height\":219,\"caption\":\"Substipharm\"},\"image\":{\"@id\":\"https:\/\/www.substipharm.com\/it\/#\/schema\/logo\/image\/\"}}]}<\/script>\n<!-- \/ Yoast SEO plugin. -->","yoast_head_json":{"title":"Informativa sulla protezione dei dati - Informazioni mediche - Substipharm","robots":{"index":"index","follow":"follow","max-snippet":"max-snippet:-1","max-image-preview":"max-image-preview:large","max-video-preview":"max-video-preview:-1"},"canonical":"https:\/\/www.substipharm.com\/it\/politica-di-protezione-dei-dati\/informativa-sulla-protezione-dei-dati-informazioni-mediche\/","og_locale":"it_IT","og_type":"article","og_title":"Informativa sulla protezione dei dati - Informazioni mediche - Substipharm","og_description":"Informativa sulla protezione dei dati &#8211; Informazioni mediche SUBSTIPHARM Norme sul trattamento dei dati personali di Substipharm applicabili alle richieste di informazioni mediche Substipharm raccoglie i tuoi dati personali quando richiedi informazioni mediche sui nostri prodotti, per poter rispondere e analizzare le tue richieste. Abbiamo bisogno di raccogliere ed elaborare i tuoi dati personali per [&hellip;]","og_url":"https:\/\/www.substipharm.com\/it\/politica-di-protezione-dei-dati\/informativa-sulla-protezione-dei-dati-informazioni-mediche\/","og_site_name":"Substipharm","article_modified_time":"2025-03-18T09:11:33+00:00","twitter_card":"summary_large_image","twitter_misc":{"Tempo di lettura stimato":"6 minuti"},"schema":{"@context":"https:\/\/schema.org","@graph":[{"@type":"WebPage","@id":"https:\/\/www.substipharm.com\/it\/politica-di-protezione-dei-dati\/informativa-sulla-protezione-dei-dati-informazioni-mediche\/","url":"https:\/\/www.substipharm.com\/it\/politica-di-protezione-dei-dati\/informativa-sulla-protezione-dei-dati-informazioni-mediche\/","name":"Informativa sulla protezione dei dati - Informazioni mediche - Substipharm","isPartOf":{"@id":"https:\/\/www.substipharm.com\/it\/#website"},"datePublished":"2025-02-26T09:03:40+00:00","dateModified":"2025-03-18T09:11:33+00:00","breadcrumb":{"@id":"https:\/\/www.substipharm.com\/it\/politica-di-protezione-dei-dati\/informativa-sulla-protezione-dei-dati-informazioni-mediche\/#breadcrumb"},"inLanguage":"it-IT","potentialAction":[{"@type":"ReadAction","target":["https:\/\/www.substipharm.com\/it\/politica-di-protezione-dei-dati\/informativa-sulla-protezione-dei-dati-informazioni-mediche\/"]}]},{"@type":"BreadcrumbList","@id":"https:\/\/www.substipharm.com\/it\/politica-di-protezione-dei-dati\/informativa-sulla-protezione-dei-dati-informazioni-mediche\/#breadcrumb","itemListElement":[{"@type":"ListItem","position":1,"name":"Accueil","item":"https:\/\/www.substipharm.com\/it\/"},{"@type":"ListItem","position":2,"name":"Politica di protezione dei dati","item":"https:\/\/www.substipharm.com\/it\/?page_id=6797"},{"@type":"ListItem","position":3,"name":"Informativa sulla protezione dei dati &#8211; Informazioni mediche"}]},{"@type":"WebSite","@id":"https:\/\/www.substipharm.com\/it\/#website","url":"https:\/\/www.substipharm.com\/it\/","name":"Substipharm","description":"","publisher":{"@id":"https:\/\/www.substipharm.com\/it\/#organization"},"potentialAction":[{"@type":"SearchAction","target":{"@type":"EntryPoint","urlTemplate":"https:\/\/www.substipharm.com\/it\/?s={search_term_string}"},"query-input":{"@type":"PropertyValueSpecification","valueRequired":true,"valueName":"search_term_string"}}],"inLanguage":"it-IT"},{"@type":"Organization","@id":"https:\/\/www.substipharm.com\/it\/#organization","name":"Substipharm","url":"https:\/\/www.substipharm.com\/it\/","logo":{"@type":"ImageObject","inLanguage":"it-IT","@id":"https:\/\/www.substipharm.com\/it\/#\/schema\/logo\/image\/","url":"https:\/\/www.substipharm.com\/wp-content\/uploads\/2021\/08\/fichier-1@2x.png","contentUrl":"https:\/\/www.substipharm.com\/wp-content\/uploads\/2021\/08\/fichier-1@2x.png","width":1446,"height":219,"caption":"Substipharm"},"image":{"@id":"https:\/\/www.substipharm.com\/it\/#\/schema\/logo\/image\/"}}]}},"_links":{"self":[{"href":"https:\/\/www.substipharm.com\/it\/wp-json\/wp\/v2\/pages\/6889","targetHints":{"allow":["GET"]}}],"collection":[{"href":"https:\/\/www.substipharm.com\/it\/wp-json\/wp\/v2\/pages"}],"about":[{"href":"https:\/\/www.substipharm.com\/it\/wp-json\/wp\/v2\/types\/page"}],"author":[{"embeddable":true,"href":"https:\/\/www.substipharm.com\/it\/wp-json\/wp\/v2\/users\/1"}],"replies":[{"embeddable":true,"href":"https:\/\/www.substipharm.com\/it\/wp-json\/wp\/v2\/comments?post=6889"}],"version-history":[{"count":5,"href":"https:\/\/www.substipharm.com\/it\/wp-json\/wp\/v2\/pages\/6889\/revisions"}],"predecessor-version":[{"id":7270,"href":"https:\/\/www.substipharm.com\/it\/wp-json\/wp\/v2\/pages\/6889\/revisions\/7270"}],"up":[{"embeddable":true,"href":"https:\/\/www.substipharm.com\/it\/wp-json\/wp\/v2\/pages\/6797"}],"wp:attachment":[{"href":"https:\/\/www.substipharm.com\/it\/wp-json\/wp\/v2\/media?parent=6889"}],"curies":[{"name":"wp","href":"https:\/\/api.w.org\/{rel}","templated":true}]}}